{"id":2166,"date":"2026-03-09T01:37:53","date_gmt":"2026-03-09T01:37:53","guid":{"rendered":"https:\/\/optimizo.fr\/produit\/parfum-fragranza-paris-100-ml-blvd-haussmann\/"},"modified":"2026-03-09T01:50:52","modified_gmt":"2026-03-09T01:50:52","slug":"parfum-fragranza-paris-100-ml-blvd-haussmann","status":"publish","type":"product","link":"https:\/\/optimizo.fr\/en\/product\/parfum-fragranza-paris-100-ml-blvd-haussmann\/","title":{"rendered":"Parfum Fragranza Paris 100 ml &#8211; BLVD Haussmann"},"content":{"rendered":"<p>BLVD Haussmann d\u00e9voile une signature florale poudr\u00e9e et chaleureuse. Les notes de fleur d\u2019iris, f\u00e8ve de tonka, ambre gris, cuir et vanille cr\u00e9ent un parfum \u00e9l\u00e9gant, intense et raffin\u00e9.<\/p>","protected":false},"excerpt":{"rendered":"<p>BLVD Haussmann, une eau de parfum sophistiqu\u00e9e aux notes d\u2019iris, f\u00e8ve de tonka, ambre gris, cuir et vanille.<\/p>","protected":false},"featured_media":2130,"template":"","meta":{"_joinchat":[]},"product_brand":[],"product_cat":[147,146],"product_tag":[155,150,157,156],"class_list":{"0":"post-2166","1":"product","2":"type-product","3":"status-publish","4":"has-post-thumbnail","6":"product_cat-beaute","7":"product_cat-parfums","8":"product_tag-blvd-haussmann","9":"product_tag-fragranza-paris","10":"product_tag-parfum-boise","11":"product_tag-parfum-mixte","13":"first","14":"instock","15":"sale","16":"shipping-taxable","17":"purchasable","18":"product-type-simple"},"_links":{"self":[{"href":"https:\/\/optimizo.fr\/en\/wp-json\/wp\/v2\/product\/2166","targetHints":{"allow":["GET"]}}],"collection":[{"href":"https:\/\/optimizo.fr\/en\/wp-json\/wp\/v2\/product"}],"about":[{"href":"https:\/\/optimizo.fr\/en\/wp-json\/wp\/v2\/types\/product"}],"wp:featuredmedia":[{"embeddable":true,"href":"https:\/\/optimizo.fr\/en\/wp-json\/wp\/v2\/media\/2130"}],"wp:attachment":[{"href":"https:\/\/optimizo.fr\/en\/wp-json\/wp\/v2\/media?parent=2166"}],"wp:term":[{"taxonomy":"product_brand","embeddable":true,"href":"https:\/\/optimizo.fr\/en\/wp-json\/wp\/v2\/product_brand?post=2166"},{"taxonomy":"product_cat","embeddable":true,"href":"https:\/\/optimizo.fr\/en\/wp-json\/wp\/v2\/product_cat?post=2166"},{"taxonomy":"product_tag","embeddable":true,"href":"https:\/\/optimizo.fr\/en\/wp-json\/wp\/v2\/product_tag?post=2166"}],"curies":[{"name":"wp","href":"https:\/\/api.w.org\/{rel}","templated":true}]}}