{"id":1750,"date":"2026-03-05T05:02:17","date_gmt":"2026-03-05T05:02:17","guid":{"rendered":"https:\/\/optimizo.fr\/?post_type=product&#038;p=1750"},"modified":"2026-03-27T19:39:00","modified_gmt":"2026-03-27T19:39:00","slug":"carte-nfc-avis-google","status":"publish","type":"product","link":"https:\/\/optimizo.fr\/en\/product\/carte-nfc-avis-google\/","title":{"rendered":"Carte NFC Avis Google \u2013 Augmentez vos avis clients facilement | Optimizo"},"content":{"rendered":"<p>La carte NFC Google Avis Optimizo permet aux clients de laisser un avis Google en approchant simplement leur t\u00e9l\u00e9phone. Id\u00e9al pour restaurants, salons de coiffure, commerces et entreprises locales. Augmentez votre visibilit\u00e9 sur Google et obtenez plus de clients gr\u00e2ce aux avis. Compatible Android et iPhone avec NFC ou QR code.<\/p>","protected":false},"excerpt":{"rendered":"<p>Collectez plus d\u2019avis Google facilement gr\u00e2ce \u00e0 la carte NFC Google Avis. Vos clients approchent leur smartphone ou scannent le QR code pour laisser un avis en quelques secondes.<\/p>","protected":false},"featured_media":4253,"template":"","meta":{"_joinchat":[]},"product_brand":[],"product_cat":[81,82],"product_tag":[],"class_list":{"0":"post-1750","1":"product","2":"type-product","3":"status-publish","4":"has-post-thumbnail","6":"product_cat-cartes-nfc","7":"product_cat-marketing-digital","9":"first","10":"instock","11":"sale","12":"shipping-taxable","13":"purchasable","14":"product-type-simple"},"_links":{"self":[{"href":"https:\/\/optimizo.fr\/en\/wp-json\/wp\/v2\/product\/1750","targetHints":{"allow":["GET"]}}],"collection":[{"href":"https:\/\/optimizo.fr\/en\/wp-json\/wp\/v2\/product"}],"about":[{"href":"https:\/\/optimizo.fr\/en\/wp-json\/wp\/v2\/types\/product"}],"wp:featuredmedia":[{"embeddable":true,"href":"https:\/\/optimizo.fr\/en\/wp-json\/wp\/v2\/media\/4253"}],"wp:attachment":[{"href":"https:\/\/optimizo.fr\/en\/wp-json\/wp\/v2\/media?parent=1750"}],"wp:term":[{"taxonomy":"product_brand","embeddable":true,"href":"https:\/\/optimizo.fr\/en\/wp-json\/wp\/v2\/product_brand?post=1750"},{"taxonomy":"product_cat","embeddable":true,"href":"https:\/\/optimizo.fr\/en\/wp-json\/wp\/v2\/product_cat?post=1750"},{"taxonomy":"product_tag","embeddable":true,"href":"https:\/\/optimizo.fr\/en\/wp-json\/wp\/v2\/product_tag?post=1750"}],"curies":[{"name":"wp","href":"https:\/\/api.w.org\/{rel}","templated":true}]}}