{"id":3,"date":"2026-03-04T03:25:17","date_gmt":"2026-03-04T03:25:17","guid":{"rendered":"http:\/\/optimizo.fr\/?page_id=3"},"modified":"2026-03-07T01:17:41","modified_gmt":"2026-03-07T01:17:41","slug":"politique-de-confidentialite","status":"publish","type":"page","link":"https:\/\/optimizo.fr\/en\/politique-de-confidentialite\/","title":{"rendered":"Politique de confidentialit\u00e9"},"content":{"rendered":"<p><strong>Collecte des donn\u00e9es<\/strong><\/p>\n\n\n\n<p>Nous collectons certaines informations personnelles lorsque vous :<\/p>\n\n\n\n<ul class=\"wp-block-list\">\n<li>cr\u00e9ez un compte<\/li>\n\n\n\n<li>passez une commande<\/li>\n\n\n\n<li>contactez le support<\/li>\n<\/ul>\n\n\n\n<p><strong>Utilisation des donn\u00e9es<\/strong><\/p>\n\n\n\n<p>Les donn\u00e9es sont utilis\u00e9es pour :<\/p>\n\n\n\n<ul class=\"wp-block-list\">\n<li>traiter les commandes<\/li>\n\n\n\n<li>am\u00e9liorer l\u2019exp\u00e9rience utilisateur<\/li>\n\n\n\n<li>communiquer avec les clients<\/li>\n<\/ul>\n\n\n\n<p><strong>Protection des donn\u00e9es<\/strong><\/p>\n\n\n\n<p>Optimizo met en place des mesures de s\u00e9curit\u00e9 afin de prot\u00e9ger les informations personnelles.<\/p>\n\n\n\n<p><strong>Cookies<\/strong><\/p>\n\n\n\n<p>Le site utilise des cookies pour am\u00e9liorer l\u2019exp\u00e9rience de navigation.<\/p>\n\n\n\n<p>Les utilisateurs peuvent configurer leur navigateur pour refuser les cookies.<\/p>\n\n\n\n<p><strong>Droits des utilisateurs<\/strong><\/p>\n\n\n\n<p>Conform\u00e9ment au RGPD, vous disposez des droits suivants :<\/p>\n\n\n\n<ul class=\"wp-block-list\">\n<li>droit d\u2019acc\u00e8s<\/li>\n\n\n\n<li>droit de rectification<\/li>\n\n\n\n<li>droit de suppression<\/li>\n\n\n\n<li>droit d\u2019opposition<\/li>\n<\/ul>\n\n\n\n<p>Pour exercer ces droits :<br><a href=\"mailto:contact@optimizo.fr\">contact@optimizo.fr<\/a><\/p>","protected":false},"excerpt":{"rendered":"<p>Collecte des donn\u00e9es Nous collectons certaines informations personnelles lorsque vous : Utilisation des donn\u00e9es Les donn\u00e9es sont utilis\u00e9es pour : Protection des donn\u00e9es Optimizo met en place des mesures de s\u00e9curit\u00e9 afin de prot\u00e9ger les informations personnelles. Cookies Le site utilise des cookies pour am\u00e9liorer l\u2019exp\u00e9rience de navigation. Les utilisateurs peuvent configurer leur navigateur pour refuser les cookies. Droits des\u2026<\/p>","protected":false},"author":1,"featured_media":1997,"parent":0,"menu_order":0,"comment_status":"closed","ping_status":"closed","template":"","meta":{"_joinchat":[],"footnotes":""},"class_list":["post-3","page","type-page","status-publish","has-post-thumbnail","hentry"],"_hostinger_reach_plugin_has_subscription_block":false,"_hostinger_reach_plugin_is_elementor":false,"_links":{"self":[{"href":"https:\/\/optimizo.fr\/en\/wp-json\/wp\/v2\/pages\/3","targetHints":{"allow":["GET"]}}],"collection":[{"href":"https:\/\/optimizo.fr\/en\/wp-json\/wp\/v2\/pages"}],"about":[{"href":"https:\/\/optimizo.fr\/en\/wp-json\/wp\/v2\/types\/page"}],"author":[{"embeddable":true,"href":"https:\/\/optimizo.fr\/en\/wp-json\/wp\/v2\/users\/1"}],"replies":[{"embeddable":true,"href":"https:\/\/optimizo.fr\/en\/wp-json\/wp\/v2\/comments?post=3"}],"version-history":[{"count":2,"href":"https:\/\/optimizo.fr\/en\/wp-json\/wp\/v2\/pages\/3\/revisions"}],"predecessor-version":[{"id":1978,"href":"https:\/\/optimizo.fr\/en\/wp-json\/wp\/v2\/pages\/3\/revisions\/1978"}],"wp:featuredmedia":[{"embeddable":true,"href":"https:\/\/optimizo.fr\/en\/wp-json\/wp\/v2\/media\/1997"}],"wp:attachment":[{"href":"https:\/\/optimizo.fr\/en\/wp-json\/wp\/v2\/media?parent=3"}],"curies":[{"name":"wp","href":"https:\/\/api.w.org\/{rel}","templated":true}]}}