{"id":1973,"date":"2026-03-06T22:17:54","date_gmt":"2026-03-06T22:17:54","guid":{"rendered":"https:\/\/optimizo.fr\/?page_id=1973"},"modified":"2026-03-07T01:17:37","modified_gmt":"2026-03-07T01:17:37","slug":"conditions-generales-dutilisation-cgu","status":"publish","type":"page","link":"https:\/\/optimizo.fr\/en\/conditions-generales-dutilisation-cgu\/","title":{"rendered":"Conditions G\u00e9n\u00e9rales d\u2019Utilisation (CGU)"},"content":{"rendered":"<h2 class=\"wp-block-heading\">1. Objet<\/h2>\n\n\n\n<p>Les pr\u00e9sentes Conditions G\u00e9n\u00e9rales d\u2019Utilisation ont pour objet de d\u00e9finir les modalit\u00e9s d\u2019acc\u00e8s et d\u2019utilisation du site <strong>optimizo.fr<\/strong>.<\/p>\n\n\n\n<h2 class=\"wp-block-heading\">2. Acc\u00e8s au site<\/h2>\n\n\n\n<p>Le site est accessible \u00e0 tout utilisateur disposant d\u2019un acc\u00e8s internet.<\/p>\n\n\n\n<p>Optimizo s\u2019efforce d\u2019assurer un acc\u00e8s continu au site mais ne peut garantir une disponibilit\u00e9 permanente.<\/p>\n\n\n\n<h2 class=\"wp-block-heading\">3. Propri\u00e9t\u00e9 intellectuelle<\/h2>\n\n\n\n<p>L\u2019ensemble du contenu pr\u00e9sent sur le site (textes, images, logos, design) est prot\u00e9g\u00e9 par les lois relatives \u00e0 la propri\u00e9t\u00e9 intellectuelle.<\/p>\n\n\n\n<p>Toute reproduction est interdite sans autorisation.<\/p>\n\n\n\n<h2 class=\"wp-block-heading\">4. Responsabilit\u00e9<\/h2>\n\n\n\n<p>L\u2019utilisateur est responsable de l\u2019utilisation qu\u2019il fait du site.<\/p>\n\n\n\n<p>Optimizo ne pourra \u00eatre tenu responsable des dommages r\u00e9sultant de l\u2019utilisation du site.<\/p>","protected":false},"excerpt":{"rendered":"<p>1. Objet Les pr\u00e9sentes Conditions G\u00e9n\u00e9rales d\u2019Utilisation ont pour objet de d\u00e9finir les modalit\u00e9s d\u2019acc\u00e8s et d\u2019utilisation du site optimizo.fr. 2. Acc\u00e8s au site Le site est accessible \u00e0 tout utilisateur disposant d\u2019un acc\u00e8s internet. Optimizo s\u2019efforce d\u2019assurer un acc\u00e8s continu au site mais ne peut garantir une disponibilit\u00e9 permanente. 3. Propri\u00e9t\u00e9 intellectuelle L\u2019ensemble du contenu pr\u00e9sent sur le site\u2026<\/p>","protected":false},"author":1,"featured_media":2005,"parent":0,"menu_order":0,"comment_status":"closed","ping_status":"closed","template":"","meta":{"_joinchat":[],"footnotes":""},"class_list":["post-1973","page","type-page","status-publish","has-post-thumbnail","hentry"],"_hostinger_reach_plugin_has_subscription_block":false,"_hostinger_reach_plugin_is_elementor":false,"_links":{"self":[{"href":"https:\/\/optimizo.fr\/en\/wp-json\/wp\/v2\/pages\/1973","targetHints":{"allow":["GET"]}}],"collection":[{"href":"https:\/\/optimizo.fr\/en\/wp-json\/wp\/v2\/pages"}],"about":[{"href":"https:\/\/optimizo.fr\/en\/wp-json\/wp\/v2\/types\/page"}],"author":[{"embeddable":true,"href":"https:\/\/optimizo.fr\/en\/wp-json\/wp\/v2\/users\/1"}],"replies":[{"embeddable":true,"href":"https:\/\/optimizo.fr\/en\/wp-json\/wp\/v2\/comments?post=1973"}],"version-history":[{"count":2,"href":"https:\/\/optimizo.fr\/en\/wp-json\/wp\/v2\/pages\/1973\/revisions"}],"predecessor-version":[{"id":1976,"href":"https:\/\/optimizo.fr\/en\/wp-json\/wp\/v2\/pages\/1973\/revisions\/1976"}],"wp:featuredmedia":[{"embeddable":true,"href":"https:\/\/optimizo.fr\/en\/wp-json\/wp\/v2\/media\/2005"}],"wp:attachment":[{"href":"https:\/\/optimizo.fr\/en\/wp-json\/wp\/v2\/media?parent=1973"}],"curies":[{"name":"wp","href":"https:\/\/api.w.org\/{rel}","templated":true}]}}