{"id":15,"date":"2026-03-06T22:22:02","date_gmt":"2026-03-06T22:22:02","guid":{"rendered":"https:\/\/mediumblue-termite-657537.hostingersite.com\/?page_id=15"},"modified":"2026-03-07T01:17:42","modified_gmt":"2026-03-07T01:17:42","slug":"politique-de-retours-et-livraison","status":"publish","type":"page","link":"https:\/\/optimizo.fr\/en\/politique-de-retours-et-livraison\/","title":{"rendered":"Politique de retours et livraison"},"content":{"rendered":"<p><strong>Livraison<\/strong><\/p>\n\n\n\n<p>Les commandes sont exp\u00e9di\u00e9es sous <strong>1 \u00e0 3 jours ouvr\u00e9s<\/strong> apr\u00e8s validation du paiement.<\/p>\n\n\n\n<p>Les d\u00e9lais de livraison peuvent varier selon le transporteur.<\/p>\n\n\n\n<p><strong>Frais de livraison<\/strong><\/p>\n\n\n\n<p>Les frais de livraison sont indiqu\u00e9s lors de la validation de la commande.<\/p>\n\n\n\n<p><strong>Suivi de commande<\/strong><\/p>\n\n\n\n<p>Un num\u00e9ro de suivi est envoy\u00e9 au client apr\u00e8s l\u2019exp\u00e9dition.<\/p>\n\n\n\n<p><strong>Retours<\/strong><\/p>\n\n\n\n<p>Vous disposez de <strong>14 jours apr\u00e8s r\u00e9ception<\/strong> pour retourner un produit.<\/p>\n\n\n\n<p>Conditions :<\/p>\n\n\n\n<ul class=\"wp-block-list\">\n<li>produit non utilis\u00e9<\/li>\n\n\n\n<li>emballage d\u2019origine<\/li>\n\n\n\n<li>preuve d\u2019achat<\/li>\n<\/ul>\n\n\n\n<p><strong>Remboursement<\/strong><\/p>\n\n\n\n<p>Apr\u00e8s r\u00e9ception et v\u00e9rification du produit retourn\u00e9, le remboursement sera effectu\u00e9 dans un d\u00e9lai de <strong>5 \u00e0 10 jours ouvr\u00e9s<\/strong>.<\/p>","protected":false},"excerpt":{"rendered":"<p>Livraison Les commandes sont exp\u00e9di\u00e9es sous 1 \u00e0 3 jours ouvr\u00e9s apr\u00e8s validation du paiement. Les d\u00e9lais de livraison peuvent varier selon le transporteur. Frais de livraison Les frais de livraison sont indiqu\u00e9s lors de la validation de la commande. Suivi de commande Un num\u00e9ro de suivi est envoy\u00e9 au client apr\u00e8s l\u2019exp\u00e9dition. Retours Vous disposez de 14 jours apr\u00e8s\u2026<\/p>","protected":false},"author":1,"featured_media":1995,"parent":0,"menu_order":0,"comment_status":"closed","ping_status":"closed","template":"","meta":{"_joinchat":[],"footnotes":""},"class_list":["post-15","page","type-page","status-publish","has-post-thumbnail","hentry"],"_hostinger_reach_plugin_has_subscription_block":false,"_hostinger_reach_plugin_is_elementor":false,"_links":{"self":[{"href":"https:\/\/optimizo.fr\/en\/wp-json\/wp\/v2\/pages\/15","targetHints":{"allow":["GET"]}}],"collection":[{"href":"https:\/\/optimizo.fr\/en\/wp-json\/wp\/v2\/pages"}],"about":[{"href":"https:\/\/optimizo.fr\/en\/wp-json\/wp\/v2\/types\/page"}],"author":[{"embeddable":true,"href":"https:\/\/optimizo.fr\/en\/wp-json\/wp\/v2\/users\/1"}],"replies":[{"embeddable":true,"href":"https:\/\/optimizo.fr\/en\/wp-json\/wp\/v2\/comments?post=15"}],"version-history":[{"count":3,"href":"https:\/\/optimizo.fr\/en\/wp-json\/wp\/v2\/pages\/15\/revisions"}],"predecessor-version":[{"id":1996,"href":"https:\/\/optimizo.fr\/en\/wp-json\/wp\/v2\/pages\/15\/revisions\/1996"}],"wp:featuredmedia":[{"embeddable":true,"href":"https:\/\/optimizo.fr\/en\/wp-json\/wp\/v2\/media\/1995"}],"wp:attachment":[{"href":"https:\/\/optimizo.fr\/en\/wp-json\/wp\/v2\/media?parent=15"}],"curies":[{"name":"wp","href":"https:\/\/api.w.org\/{rel}","templated":true}]}}