{"id":1421,"date":"2025-05-21T03:13:31","date_gmt":"2025-05-21T03:13:31","guid":{"rendered":"https:\/\/vendora.novaworks.net\/?page_id=3"},"modified":"2026-03-07T01:17:37","modified_gmt":"2026-03-07T01:17:37","slug":"conditions-generales-dachat-cga","status":"publish","type":"page","link":"https:\/\/optimizo.fr\/en\/conditions-generales-dachat-cga\/","title":{"rendered":"Conditions G\u00e9n\u00e9rales d\u2019Achat (CGA)"},"content":{"rendered":"<h2 class=\"wp-block-heading\">1. Champ d\u2019application<\/h2>\n\n\n\n<p>Les pr\u00e9sentes CGA s\u2019appliquent \u00e0 toutes les commandes effectu\u00e9es sur le site optimizo.fr.<\/p>\n\n\n\n<h2 class=\"wp-block-heading\">2. Processus d\u2019achat<\/h2>\n\n\n\n<p>L\u2019utilisateur s\u00e9lectionne les produits souhait\u00e9s, les ajoute au panier puis valide la commande apr\u00e8s paiement.<\/p>\n\n\n\n<h2 class=\"wp-block-heading\">3. Confirmation de commande<\/h2>\n\n\n\n<p>Un email de confirmation est envoy\u00e9 apr\u00e8s validation du paiement.<\/p>\n\n\n\n<h2 class=\"wp-block-heading\">4. Disponibilit\u00e9 des produits<\/h2>\n\n\n\n<p>En cas d\u2019indisponibilit\u00e9 d\u2019un produit, le client sera inform\u00e9 et pourra \u00eatre rembours\u00e9.<\/p>","protected":false},"excerpt":{"rendered":"<p>1. Champ d\u2019application Les pr\u00e9sentes CGA s\u2019appliquent \u00e0 toutes les commandes effectu\u00e9es sur le site optimizo.fr. 2. Processus d\u2019achat L\u2019utilisateur s\u00e9lectionne les produits souhait\u00e9s, les ajoute au panier puis valide la commande apr\u00e8s paiement. 3. Confirmation de commande Un email de confirmation est envoy\u00e9 apr\u00e8s validation du paiement. 4. Disponibilit\u00e9 des produits En cas d\u2019indisponibilit\u00e9 d\u2019un produit, le client sera\u2026<\/p>","protected":false},"author":1,"featured_media":2004,"parent":0,"menu_order":0,"comment_status":"closed","ping_status":"closed","template":"","meta":{"_joinchat":[],"footnotes":""},"class_list":["post-1421","page","type-page","status-publish","has-post-thumbnail","hentry"],"_hostinger_reach_plugin_has_subscription_block":false,"_hostinger_reach_plugin_is_elementor":false,"_links":{"self":[{"href":"https:\/\/optimizo.fr\/en\/wp-json\/wp\/v2\/pages\/1421","targetHints":{"allow":["GET"]}}],"collection":[{"href":"https:\/\/optimizo.fr\/en\/wp-json\/wp\/v2\/pages"}],"about":[{"href":"https:\/\/optimizo.fr\/en\/wp-json\/wp\/v2\/types\/page"}],"author":[{"embeddable":true,"href":"https:\/\/optimizo.fr\/en\/wp-json\/wp\/v2\/users\/1"}],"replies":[{"embeddable":true,"href":"https:\/\/optimizo.fr\/en\/wp-json\/wp\/v2\/comments?post=1421"}],"version-history":[{"count":2,"href":"https:\/\/optimizo.fr\/en\/wp-json\/wp\/v2\/pages\/1421\/revisions"}],"predecessor-version":[{"id":1977,"href":"https:\/\/optimizo.fr\/en\/wp-json\/wp\/v2\/pages\/1421\/revisions\/1977"}],"wp:featuredmedia":[{"embeddable":true,"href":"https:\/\/optimizo.fr\/en\/wp-json\/wp\/v2\/media\/2004"}],"wp:attachment":[{"href":"https:\/\/optimizo.fr\/en\/wp-json\/wp\/v2\/media?parent=1421"}],"curies":[{"name":"wp","href":"https:\/\/api.w.org\/{rel}","templated":true}]}}